{"id":978,"date":"2022-09-09T10:52:36","date_gmt":"2022-09-09T08:52:36","guid":{"rendered":"https:\/\/digitec.pl\/?page_id=978"},"modified":"2022-09-09T10:53:42","modified_gmt":"2022-09-09T08:53:42","slug":"polityka-prywatnosci","status":"publish","type":"page","link":"https:\/\/digitec.pl\/en\/polityka-prywatnosci\/","title":{"rendered":"Polityka prywatno\u015bci"},"content":{"rendered":"\n<style>\nol{\n padding-left:10px; margin:0;\n padding-top:10px;\npadding-bottom:10px;\n}\n.widget-area {\n display:none;\n}\nul {\n padding-left: 10px; margin-left: 20px; padding-top:10px;\npadding-bottom:10px;\n}\n.entry-content{\nline-height:1.6;\n}\n<\/style>\n\n\n\n<p> <\/p>\n<p><strong>Zach\u0119camy si\u0119 do zapoznania si\u0119 nasz\u0105 Polityk\u0105 prywatno\u015bci przed przyst\u0105pieniem do korzystania ze strony <\/strong><a href=\"https:\/\/digitec.pl\"><strong>digitec.pl<\/strong><\/a><strong> jak i w przypadku powierzenia nam danych osobowych w innej formie.<\/strong><\/p>\n<p>\u00a0<\/p>\n<p>Przywi\u0105zujemy szczeg\u00f3ln\u0105 wag\u0119 do ochrony prywatno\u015bci U\u017cytkownik\u00f3w Strony i bezpiecze\u0144stwa przetwarzania ich danych osobowych, tak samo jak i danych osobowych, kt\u00f3re pozyskali\u015bmy i przetwarzamy w inny spos\u00f3b ni\u017c za po\u015brednictwem Strony.<\/p>\n<p>\u00a0<\/p>\n<p>Dok\u0142adamy wszelkich stara\u0144, aby wykorzystywanie i przechowywanie przez nas danych osobowych odbywa\u0142o si\u0119 zgodnie z obowi\u0105zuj\u0105cymi przepisami prawa, w tym Rozporz\u0105dzeniem Parlamentu Europejskiego i Rady (UE) 2016\/679 z dnia 27 kwietnia 2016 r w sprawie ochrony os\u00f3b fizycznych w zwi\u0105zku z przetwarzaniem danych osobowych i w sprawie swobodnego przep\u0142ywu takich danych oraz uchylenia dyrektywy 95\/46\/WE (og\u00f3lne rozporz\u0105dzenie o ochronie danych) (dalej RODO) i innym obowi\u0105zuj\u0105cymi przepisami prawa polskiego, z uwzgl\u0119dnieniem wytycznych Urz\u0119du Ochrony Danych Osobowych.<\/p>\n<p>\u00a0<\/p>\n<p>W\u0142a\u015bcicielem strony internetowej <a href=\"https:\/\/digitec.pl\">digitec.pl<\/a> \u00a0(dalej: Strona) jest firma DIGITEC Grzegorz Kowalik z siedzib\u0105 w Krakowie, ul. Mrozowa 6, b\u0119d\u0105ca jednocze\u015bnie administratorem powierzonych danych osobowych.<\/p>\n<p>\u00a0<\/p>\n<p><strong>I. \u015arodki bezpiecze\u0144stwa<\/strong><\/p>\n<ol>\n<li>Dok\u0142adamy wszelkich stara\u0144 by korzysta\u0107 z nowoczesnych technicznych i organizacyjnych \u015brodk\u00f3w bezpiecze\u0144stwa w celu zapewnienia ochrony danych osobowych U\u017cytkownik\u00f3w przed zniszczeniem, zgubieniem, modyfikacj\u0105 lub nieuprawnionym ujawnieniem i dost\u0119pem.<\/li>\n<li>Komunikacja mi\u0119dzy komputerami U\u017cytkownik\u00f3w a serwerem Strony na czas transmisji danych osobowych jest szyfrowana z u\u017cyciem protoko\u0142u SSL (Secure Socket Layer), a bazy danych <br \/>s\u0105 zabezpieczone przed dost\u0119pem os\u00f3b nieuprawnionych.<\/li>\n<\/ol>\n<p><strong>\u00a0II. <\/strong><strong>Informacje dotycz\u0105ce przetwarzania danych osobowych<\/strong><\/p>\n<p><strong>\u00a0<\/strong><\/p>\n<ol>\n<li><strong>Administrator i dane kontaktowe<\/strong><\/li>\n<\/ol>\n<p>Administratorem przekazanych nam przez Ciebie danych osobowych jest firma DIGITEC Grzegorz Kowalik.<\/p>\n<p>We wszystkich sprawach zwi\u0105zanych z danymi osobowymi mo\u017cesz skontaktowa\u0107 si\u0119 z nami <br \/>na e-mail: <a href=\"mailto:daneosobowe@digitec.pl\">daneosobowe@digitec.pl<\/a><\/p>\n<p>\u00a0<\/p>\n<ol start=\"2\">\n<li><strong>Prawa osoby, kt\u00f3rej dotycz\u0105 dane osobowe.<\/strong><\/li>\n<\/ol>\n<p>Ka\u017cdej osobie, kt\u00f3rej dane posiadamy, przys\u0142uguj\u0105 poni\u017csze uprawnienia:<\/p>\n<ul>\n<li>prawo do dost\u0119pu do tre\u015bci jej danych osobowych, czyli prawo do uzyskania potwierdzenia czy przetwarzamy jej dane oraz informacji dotycz\u0105cych takiego przetwarzania;<\/li>\n<li>prawo do sprostowania danych, je\u017celi dane przez nas przetwarzane s\u0105 nieprawid\u0142owe <br \/>lub niekompletne;<\/li>\n<li>prawo \u017c\u0105dania usuni\u0119cia danych;<\/li>\n<li>prawo \u017c\u0105dania ograniczenia przetwarzania danych;<\/li>\n<li>prawo do przenoszenia danych, czyli prawo do otrzymania dostarczonych nam danych osobowych oraz przes\u0142ania ich innemu administratorowi;<\/li>\n<li>prawo wniesienia sprzeciwu wobec danych przetwarzanych na podstawie uzasadnionego interesu administratora, w tym w celu marketingu bezpo\u015bredniego;<\/li>\n<li>prawo wniesienia skargi do organu nadzorczego (w Polsce jest nim Prezes Urz\u0119du Ochrony Danych Osobowych);<\/li>\n<li>prawo do cofni\u0119cia zgody w dowolnym momencie, je\u017celi przetwarzanie danych odbywa <br \/>si\u0119 na podstawie udzielonej nam zgody, co nie wp\u0142ywa jednak na zgodno\u015b\u0107 z prawem przetwarzania, kt\u00f3rego dokonano na podstawie zgody przed jej cofni\u0119ciem.<\/li>\n<\/ul>\n<p><strong>3. Jakie dane przetwarzamy, na jakiej podstawie i w jakim celu.<\/strong><\/p>\n<p>\u00a0<\/p>\n<p><em>Dane zbierane przy korzystaniu ze Strony<\/em><\/p>\n<p>Kiedy U\u017cytkownik odwiedza nasz\u0105 Stron\u0119 zbieramy i korzystamy z danych nieosobowych zbieranych przy pomocy plik\u00f3w cookies, na zasadach Polityki cookies z jak\u0105 mo\u017cesz zapozna\u0107 si\u0119 poni\u017cej.<\/p>\n<p>\u00a0<\/p>\n<p><em>Formularz kontaktowy na Stronie<\/em><\/p>\n<p>Skierowanie do nas zapytania przy pomocy formularza kontaktowego znajduj\u0105cego si\u0119 na stronie wi\u0105za\u0107 si\u0119 b\u0119dzie z przetwarzaniem przez nas udost\u0119pnionych w formularzu danych osobowych, takich jak imi\u0119 i nazwisko, adres e-mail, a tak\u017ce danych zawartych w tre\u015bci zapytania. Podanie tych danych jest dobrowolne, jednak\u017ce \u2013 w zakresie adresu e-mail \u2013 niezb\u0119dne do udzielenia przez nas odpowiedzi na skierowane zapytanie. Podanie danych w szerszym zakresie ni\u017c adres e-mail, mo\u017ce nam u\u0142atwi\u0107 zrozumienie kontekstu sprawy, a tak\u017ce umo\u017cliwi kontakt telefoniczny, co w okre\u015blonych przypadkach mo\u017ce przyspieszy\u0107 udzielenie odpowiedzi.<\/p>\n<p>\u00a0<\/p>\n<p><em>Cele, podstawy i okres przetwarzania przez nas danych osobowych: <\/em><\/p>\n<ol>\n<li>w przypadku dobrowolnego wype\u0142nienia formularza kontaktowego na stronie i przes\u0142ania zapytania, przetwarzamy podane dane (w tym dane zawarte w tre\u015bci zapytania), na podstawie art. 6 ust. 1 lit. f RODO \u2013 prawnie uzasadniony interes administratora, a przetwarzanie danych trwa do czasu obs\u0142ugi zapytania i udzielenia odpowiedzi;<\/li>\n<li>w przypadku dobrowolnego wype\u0142nienia formularza kontaktowego pisemnego, w kt\u00f3rym wyra\u017casz zainteresowanie nasz\u0105 ofert\u0105, przetwarzamy podane dane w celach przekazywania informacji handlowych na podstawie twojej zgody art. 6 ust. 1 lit. a RODO \u2013 przetwarzanie danych trwa do czasu gdy wycofasz swoj\u0105 zgod\u0119 lub ustalimy, \u017ce przekazane nam dane nie s\u0105 aktualne;<\/li>\n<li>dane osobowe podane w formularzach kontaktowych mo\u017cemy przetwarza\u0107 tak\u017ce w celach tzw. marketingu bezpo\u015bredniego. Nasza dzia\u0142alno\u015b\u0107 obejmowa\u0107 b\u0119dzie przekazywanie informacji o dzia\u0142alno\u015bci DIGITEC Grzegorz Kowalik, w tym informacji o naszej dzia\u0142alno\u015bci, nowych aktywno\u015bciach oraz wydarzeniach, kt\u00f3re organizujemy, na podstawie art. 6 ust. 1 lit. f RODO tj. prawnie uzasadniony interes administrator\u00f3w \u2013 przetwarzanie trwa do czasu wyra\u017cenia twojego sprzeciwu lub gdy ustanie nasz prawnie uzasadniony interes;<\/li>\n<li>je\u017celi wyrazi\u0142\/a Pani\/Pan zgod\u0119 na otrzymywanie od DIGITEC Grzegorz Kowalik informacji handlowej (np. zaprezentowania oferty) za pomoc\u0105 \u015brodk\u00f3w komunikacji elektronicznej (e-mail, sms), dodatkowo b\u0119dziemy mogli przekazywa\u0107 Pani\/Panu informacje handlowe zawieraj\u0105ce ofert\u0119 us\u0142ug lub produkt\u00f3w DIGITEC Grzegorz Kowalik, na podstawie art. 6 ust. 1 lit. a RODO &#8211; dobrowolna zgoda na przetwarzanie danych osobowych \u2013 przetwarzanie danych trwa do czasu gdy wycofasz swoj\u0105 zgod\u0119 lub ustalimy, \u017ce przekazane nam dane nie s\u0105 aktualne;<\/li>\n<li>w ramach prowadzonej przez nas dzia\u0142alno\u015bci gospodarczej przetwarzamy te\u017c dane naszych kontrahent\u00f3w oraz dostawc\u00f3w (tj. imi\u0119 i nazwisko je\u017celi jest w nazwie firmy lub os\u00f3b kontaktowych, adres pocztowy, numer telefonu, adres email, NIP, PESEL, numer konta bankowego lub inne nam ujawnione) zgodnie z art. 6 ust. 1 lit. b) RODO tj. w celu wykonania umowy i\/lub art. 6 ust. 1 c) RODO tj. wykonania obowi\u0105zku prawnego:<\/li>\n<li>w stosunku do podmiot\u00f3w, z kt\u00f3rymi wsp\u00f3\u0142pracujemy lub zamierzamy wsp\u00f3\u0142pracowa\u0107 w celu podj\u0119cia dzia\u0142a\u0144 przed zawarciem umowy na \u017c\u0105danie osoby, kt\u00f3rej dane dotycz\u0105 lub w celu wykonania umowy, kt\u00f3rej stron\u0105 jest osoba, kt\u00f3rej dane dotycz\u0105 \u2013 dane te przetwarzamy jak d\u0142ugo trwa stosunek umowny, a po jego ustaniu przez okres trwania praw do dochodzenia i ochrony przed roszczeniami;<\/li>\n<li>wype\u0142nienia obowi\u0105zku prawnego na nas ci\u0105\u017c\u0105cego (np. obowi\u0105zk\u00f3w podatkowych i rachunkowych) \u2013 dane te przetwarzamy jak d\u0142ugo istnieje obowi\u0105zek prawny ich przechowywania zgodnie z przepisami.<\/li>\n<\/ol>\n<p> <\/p>\n<p>Informujemy, \u017ce prowadzony przez nas marketing bezpo\u015bredni mo\u017ce by\u0107 realizowany za pomoc\u0105 \u015brodk\u00f3w komunikacji elektronicznej (np. SMS, MMS, e-mail) oraz telekomunikacyjnych urz\u0105dze\u0144 ko\u0144cowych (np. telefon, tablet).<\/p>\n<p><strong>4. Kategorie odbiorc\u00f3w danych tj. podmiot\u00f3w przetwarzaj\u0105cych dane osobowe w imieniu DIGITEC Grzegorz Kowalik<\/strong><\/p>\n<p>W zwi\u0105zku z prowadzon\u0105 przez nas form\u0105 dzia\u0142alno\u015bci gospodarczej powierzone nam dane, <br \/>w zale\u017cno\u015bci od celu powierzenia, mog\u0105 by\u0107 przez nas przekazane nast\u0119puj\u0105cym grupom wsp\u00f3\u0142pracuj\u0105cych z nami podmiot\u00f3w:<\/p>\n<ul>\n<li>operatorzy pocztowi, kurierzy, przewo\u017anicy, firmy spedycyjne i transportowe;<\/li>\n<li>podmioty \u015bwiadcz\u0105ce nam us\u0142ugi techniczne (np. rozwijania i utrzymywania system\u00f3w informatycznych, serwis\u00f3w internetowych, oprogramowania);<\/li>\n<li>przedsi\u0119biorcy telekomunikacyjni, firmy windykacyjne, banki, biura informacji gospodarczej,<\/li>\n<li>firmy archiwizuj\u0105ce nam dokumenty,<\/li>\n<li>podmioty \u015bwiadcz\u0105ce us\u0142ugi prawne, notarialne, doradcze, finansowe, po\u015brednicy nieruchomo\u015bci, wykonawcy i podwykonawcy, s\u0105dy i organy administracyjne, gdy zajdzie taka konieczno\u015b\u0107 lub gdy obowi\u0105zek taki b\u0119dzie wynika\u0142 z przepis\u00f3w prawa powszechnie obowi\u0105zuj\u0105cego albo gdy b\u0119dzie to realizowane wy\u0142\u0105cznie na Pani\/Pana pro\u015bb\u0119.<\/li>\n<\/ul>\n<p><strong>5. Dodatkowe informacje na temat okresu przechowywania danych osobowych:<\/strong><\/p>\n<p>Wype\u0142niaj\u0105c obowi\u0105zek informacyjny zwi\u0105zany ze zbieraniem i przetwarzaniem danych osobowych poni\u017cej wskazujemy standardowe okresy przez jakie b\u0119dziemy przechowywa\u0107 powierzone nam dane osobowe:<\/p>\n<p>1) dane osobowe przetwarzane w celu zawarcia lub wykonania umowy oraz wype\u0142nienia zwi\u0105zanego z umow\u0105 obowi\u0105zku prawnego b\u0119d\u0105 przechowywane przez okres obowi\u0105zywania umowy, a po jego up\u0142ywie przez okres niezb\u0119dny do:<\/p>\n<ul>\n<li>posprzeda\u017cowej obs\u0142ugi (np. obs\u0142ugi reklamacji);<\/li>\n<li>dochodzenia lub obrony przed ewentualnymi roszczeniami;<\/li>\n<li>spe\u0142nienia naszych obowi\u0105zk\u00f3w prawnych (np. podatkowych lub rachunkowych) tj. przez okres prawnie okre\u015blony obowi\u0105zku przechowywania tych danych;<\/li>\n<\/ul>\n<p>2) dane osobowe przetwarzane na potrzeby marketingu bezpo\u015bredniego produkt\u00f3w w\u0142asnych, obs\u0142ugi zapytania w formularzu kontaktowym, kt\u00f3re s\u0105 przetwarzane w oparciu o nasz uzasadniony interes prawny, b\u0119d\u0105 przetwarzane do czasu zg\u0142oszenia sprzeciwu przez osob\u0119, kt\u00f3rej dane dotycz\u0105;<\/p>\n<p>3) dane osobowe przetwarzane na podstawie odr\u0119bnej zgody b\u0119d\u0105 przechowywane do czasu jej odwo\u0142ania lub do czas ustalenia, \u017ce dane nie s\u0105 aktualne.<\/p>\n<p><strong>IV. Dane nieosobowe zbierane automatycznie<\/strong><\/p>\n<p>Odwiedzanie naszej Strony przez U\u017cytkownika zwi\u0105zane jest z mo\u017cliwo\u015bci\u0105 automatycznego (tj. w wyniku dzia\u0142ania urz\u0105dze\u0144 dost\u0119powych i program\u00f3w po\u015brednich) zbierania danych nieosobowych (np. rodzaju wykorzystywanej przegl\u0105darki i systemu operacyjnego, adresu domeny strony witryny internetowej, z kt\u00f3rej U\u017cytkownik przeszed\u0142 na nasz\u0105 witryn\u0119, liczby odwiedzin, \u015bredniego czasu sp\u0119dzanego na stronie, ogl\u0105danych podstron). Przekazywanie tych danych dziej\u0119 si\u0119 automatycznie kiedy u\u017cytkownik wchodzi na stron\u0119 to przegl\u0105darka przez niego u\u017cywana automatycznie wysy\u0142a informacje do serwera naszej strony internetowej i tymczasowo przechowuje je w tak zwanym pliku dziennika. Tego typu dane wykorzystujemy, aby \u015bledzi\u0107 atrakcyjno\u015b\u0107 naszej Strony i dzi\u0119ki nim ulepsza\u0107 jej dzia\u0142anie oraz zawarto\u015b\u0107. \u00a0Nie jeste\u015bmy w stanie i nie b\u0119dziemy w stanie zidentyfikowa\u0107 U\u017cytkownika bezpo\u015brednio na podstawie tych zebranych danych.<\/p>\n<p>\u00a0<\/p>\n<p><strong>V. Polityka cookies<\/strong><\/p>\n<p>Korzystaj\u0105c z naszej Strony wyra\u017casz zgod\u0119 na u\u017cywanie plik\u00f3w cookies zgodnie z niniejsz\u0105 Polityk\u0105 cookies.<\/p>\n<p>U\u017cywamy plik\u00f3w cookie do \u015bledzenia preferencji os\u00f3b odwiedzaj\u0105cych nasz\u0105 stron\u0119, do optymalizacji jej wygl\u0105du, personalizowania tre\u015bci i reklam oraz do analizowania ruchu na naszej stronie internetowej.<\/p>\n<p>Ustawienia przetwarzania danych w zakresie plik\u00f3w cookie mo\u017cesz w dowolnym momencie zmieni\u0107, czy te\u017c wy\u0142\u0105czy\u0107 w ramach ustawie\u0144 przegl\u0105darki internetowej, z kt\u00f3rej korzystasz.<\/p>\n<p>Pliki cookie to ma\u0142e pliki tekstowe u\u017cywane przez strony internetowe w celu usprawnienia obs\u0142ugi U\u017cytkownika. Zgodnie z prawem, mo\u017cemy przechowywa\u0107 pliki cookie na urz\u0105dzeniu u\u017cytkownika, je\u015bli s\u0105 one niezb\u0119dne do dzia\u0142ania strony. Na wszystkie inne rodzaje plik\u00f3w cookie potrzebujemy zgody u\u017cytkownika. Podstaw\u0105 prawn\u0105 do przetwarzania plik\u00f3w cookie wymaganych do dzia\u0142ania strony internetowej jest art. 6 ust. 1 lit. f) RODO. U\u017cytkownik mo\u017ce w ka\u017cdej chwili wycofa\u0107 swoj\u0105 zgod\u0119 ze skutkiem na przysz\u0142o\u015b\u0107 poprzez zmian\u0119 ustawienia w mened\u017cerze zgody na pliki cookie na nieaktywne. Nasza strona u\u017cywa r\u00f3\u017cnych rodzaj\u00f3w plik\u00f3w cookie, ale macie te\u017c mo\u017cliwo\u015b\u0107 odwiedzania naszej strony internetowej bez plik\u00f3w cookie. Wi\u0119kszo\u015b\u0107 przegl\u0105darek automatycznie akceptuje pliki cookie. Mo\u017cna zapobiec zapisywaniu plik\u00f3w cookie na dysku twardym, wybieraj\u0105c opcj\u0119 \u201eNie akceptuj plik\u00f3w cookie\u201d w ustawieniach przegl\u0105darki. Szczeg\u00f3\u0142owe informacje o tym, jak to dzia\u0142a, mo\u017cna znale\u017a\u0107 w instrukcji producenta przegl\u0105darki. W ka\u017cdej chwili mo\u017cna usun\u0105\u0107 pliki cookie ju\u017c umieszczone na komputerze. Je\u015bli jednak u\u017cytkownik nie zaakceptuje \u017cadnych plik\u00f3w cookie, mo\u017ce to spowodowa\u0107, \u017ce niekt\u00f3re funkcje naszej strony internetowej b\u0119d\u0105 ograniczone.<\/p>\n<p><strong>\u00a0<\/strong><\/p>\n<p><strong>VI. Korzystanie z odno\u015bnik\u00f3w\/ link\u00f3w\/ przekierowa\u0144 do innych stron internetowych<\/strong><\/p>\n<p>Na naszej Stronie mog\u0105 pojawia\u0107 si\u0119 odno\u015bniki\/ linki\/ przekierowania do innych stron internetowych. Strony te pozostaj\u0105 poza nasz\u0105 kontrol\u0105, w zwi\u0105zku z czym DIGITEC Grzegorz Kowalik nie ponosi odpowiedzialno\u015bci za stosowane przez nie praktyki w zakresie polityki prywatno\u015bci i ochrony danych osobowych. W przypadku woli skorzystania z zamieszczonych na Stronie odno\u015bnik\u00f3w zalecamy uprzednie zapoznanie si\u0119 ze stosowan\u0105 przez dan\u0105 stron\u0119 polityk\u0105 prywatno\u015bci i innymi notami prawnymi.<\/p>\n<p><strong>\u00a0<\/strong><\/p>\n<p><strong>VII. Prawa Autorskie<\/strong><\/p>\n<ol>\n<li>Na naszej Stronie udost\u0119pniane s\u0105 chronione prawem autorskim materia\u0142y, w tym: dokumenty, znaki towarowe i inne utwory, w szczeg\u00f3lno\u015bci teksty, zdj\u0119cia, grafika, d\u017awi\u0119ki i materia\u0142y audio i video (dalej: Utwory), a przyj\u0119ty na Stronie wyb\u00f3r i uk\u0142ad prezentowanych w nim tre\u015bci stanowi samoistny przedmiot ochrony na gruncie ustawy z dnia 4 lutego 1994r. o prawie autorskim i prawach pokrewnych.<\/li>\n<li>W zwi\u0105zku z autorskim charakterem tre\u015bci zamieszczanych na Stronie oraz samej Strony, o kt\u00f3rych mowa w pkt 1 powy\u017cej, U\u017cytkownicy Strony zobowi\u0105zani s\u0105 do respektowania praw w\u0142asno\u015bci intelektualnej tak autor\u00f3w do ich Utwor\u00f3w, jak i naszych jako w\u0142a\u015bciciela tych praw.<\/li>\n<\/ol>\n<ol start=\"3\">\n<li>\u017badna cz\u0119\u015b\u0107 Strony (w tym m.in. teksty, dokumenty, pliki, uk\u0142ady graficzne, grafiki, inne materia\u0142y) nie mo\u017ce by\u0107 powielana lub rozpowszechniana w jakiejkolwiek formie lub w jakikolwiek spos\u00f3b (elektroniczny lub mechaniczny) bez uprzedniego uzyskania naszej pisemnej zgody na takie dzia\u0142ania.<\/li>\n<li>Naruszenie warunk\u00f3w, o jakich mowa w ust. 3 stanowi przest\u0119pstwo w my\u015bl przepis\u00f3w ustawy o prawie autorskim i prawach pokrewnych, jak r\u00f3wnie\u017c uprawnia w\u0142a\u015bciciela i\/lub autora Utwor\u00f3w do dochodzenia roszcze\u0144 odszkodowawczych.<\/li>\n<li>Naruszenie praw w\u0142asno\u015bci intelektualnej przez U\u017cytkownika mo\u017ce tak\u017ce skutkowa\u0107 jego odpowiedzialno\u015bci\u0105 prawn\u0105 okre\u015blon\u0105 w ustawie o zwalczaniu nieuczciwej konkurencji, przepisach lub kodeku cywilnego.<\/li>\n<\/ol>\n<p><strong>\u00a0<\/strong><\/p>\n<p><strong>VIII. Zmiany w Polityce prywatno\u015bci<\/strong><\/p>\n<p>Zastrzegamy sobie prawo do zmiany postanowie\u0144 Polityki Prywatno\u015bci w przypadku, gdy konieczno\u015b\u0107 wprowadzenia zmian wynika bezpo\u015brednio ze zmiany przepis\u00f3w prawa lub zmiany naszej sytuacji techniczno-prawno-organizacyjnej. O zmianach w Polityce Prywatno\u015bci zostaniecie poinformowani poprzez umieszczenie informacji o zmianach na stronie <a href=\"https:\/\/digitec.pl\">digitec.pl<\/a> Wszelkie zmiany Polityki Prywatno\u015bci staj\u0105 si\u0119 skuteczne w terminie przez nas wskazanym, nie kr\u00f3tszym jednak ni\u017c 7 dni od ich opublikowania w opisany wy\u017cej spos\u00f3b.<\/p>\n<p><strong>\u00a0<\/strong><\/p>\n<p><strong>IX. Kontakt<\/strong><\/p>\n<p>Wszelkie pytania i\u00a0 w\u0105tpliwo\u015bci\u00a0 co do\u00a0 korzystania ze Strony lub informacji zamieszczonych w Polityce\u00a0 prywatno\u015bci\u00a0 mo\u017cna zg\u0142asza\u0107 za po\u015brednictwem adresu e-mail: <a href=\"mailto:info@digitec.pl\">info@digitec.pl<\/a> a w przypadku zapyta\u0144 w kwestii zwi\u0105zanej z danymi osobowymi na adres e-mail: <a href=\"mailto:daneosobowe@digitec.pl\">daneosobowe@digitec.pl<\/a> \u00a0<\/p>\n<p><\/p>\n","protected":false},"excerpt":{"rendered":"","protected":false},"author":3,"featured_media":0,"parent":0,"menu_order":1,"comment_status":"closed","ping_status":"closed","template":"","meta":{"footnotes":""},"_links":{"self":[{"href":"https:\/\/digitec.pl\/en\/wp-json\/wp\/v2\/pages\/978"}],"collection":[{"href":"https:\/\/digitec.pl\/en\/wp-json\/wp\/v2\/pages"}],"about":[{"href":"https:\/\/digitec.pl\/en\/wp-json\/wp\/v2\/types\/page"}],"author":[{"embeddable":true,"href":"https:\/\/digitec.pl\/en\/wp-json\/wp\/v2\/users\/3"}],"replies":[{"embeddable":true,"href":"https:\/\/digitec.pl\/en\/wp-json\/wp\/v2\/comments?post=978"}],"version-history":[{"count":2,"href":"https:\/\/digitec.pl\/en\/wp-json\/wp\/v2\/pages\/978\/revisions"}],"predecessor-version":[{"id":980,"href":"https:\/\/digitec.pl\/en\/wp-json\/wp\/v2\/pages\/978\/revisions\/980"}],"wp:attachment":[{"href":"https:\/\/digitec.pl\/en\/wp-json\/wp\/v2\/media?parent=978"}],"curies":[{"name":"wp","href":"https:\/\/api.w.org\/{rel}","templated":true}]}}