{"id":16,"date":"2017-10-03T15:09:17","date_gmt":"2017-10-03T13:09:17","guid":{"rendered":"http:\/\/digitec\/?page_id=16"},"modified":"2017-10-18T12:52:34","modified_gmt":"2017-10-18T10:52:34","slug":"kontakt","status":"publish","type":"page","link":"https:\/\/digitec.pl\/en\/kontakt\/","title":{"rendered":"Contact"},"content":{"rendered":"<p>\n<div class=\"wpcf7 no-js\" id=\"wpcf7-f245-o1\" lang=\"pl-PL\" dir=\"ltr\">\n<div class=\"screen-reader-response\"><p role=\"status\" aria-live=\"polite\" aria-atomic=\"true\"><\/p> <ul><\/ul><\/div>\n<form action=\"\/en\/wp-json\/wp\/v2\/pages\/16#wpcf7-f245-o1\" method=\"post\" class=\"wpcf7-form init\" aria-label=\"Formularz kontaktowy\" novalidate=\"novalidate\" data-status=\"init\">\n<div style=\"display: none;\">\n<input type=\"hidden\" name=\"_wpcf7\" value=\"245\" \/>\n<input type=\"hidden\" name=\"_wpcf7_version\" value=\"5.9.8\" \/>\n<input type=\"hidden\" name=\"_wpcf7_locale\" value=\"pl_PL\" \/>\n<input type=\"hidden\" name=\"_wpcf7_unit_tag\" value=\"wpcf7-f245-o1\" \/>\n<input type=\"hidden\" name=\"_wpcf7_container_post\" value=\"0\" \/>\n<input type=\"hidden\" name=\"_wpcf7_posted_data_hash\" value=\"\" \/>\n<\/div>\n<div class=\"form_styling\">\n<span class=\"wpcf7-form-control-wrap\" data-name=\"your-name\"><input size=\"40\" maxlength=\"400\" class=\"wpcf7-form-control wpcf7-text wpcf7-validates-as-required\" aria-required=\"true\" aria-invalid=\"false\" placeholder=\"Imi\u0119\" value=\"\" type=\"text\" name=\"your-name\" \/><\/span>\n<span class=\"wpcf7-form-control-wrap\" data-name=\"your-email\"><input size=\"40\" maxlength=\"400\" class=\"wpcf7-form-control wpcf7-email wpcf7-validates-as-required wpcf7-text wpcf7-validates-as-email\" aria-required=\"true\" aria-invalid=\"false\" placeholder=\"Adres e-mail\" value=\"\" type=\"email\" name=\"your-email\" \/><\/span>\n<\/div>\n<div class=\"form_styling\">\n<span class=\"wpcf7-form-control-wrap\" data-name=\"your-message\"><textarea cols=\"40\" rows=\"10\" maxlength=\"2000\" class=\"wpcf7-form-control wpcf7-textarea wpcf7-validates-as-required\" aria-required=\"true\" aria-invalid=\"false\" placeholder=\"Tre\u015b\u0107\" name=\"your-message\"><\/textarea><\/span>\n<\/div>\n<div class=\"form_styling\">\n<span class=\"wpcf7-form-control-wrap\" data-name=\"acceptance-697\"><span class=\"wpcf7-form-control wpcf7-acceptance\"><span class=\"wpcf7-list-item\"><label><input type=\"checkbox\" name=\"acceptance-697\" value=\"1\" aria-invalid=\"false\" \/><span class=\"wpcf7-list-item-label\">Wyra\u017cam zgod\u0119 na otrzymywanie informacji handlowych od DIGITEC Grzegorz Kowalik za pomoc\u0105 \u015brodk\u00f3w komunikacji elektronicznej (e-mail), zgodnie z art. 10 ust. 2 ustawy z dnia 18 lipca 2002 r. o \u015bwiadczeniu us\u0142ug drog\u0105 elektroniczn\u0105. *<\/span><\/label><\/span><\/span><\/span>\n<span class=\"wpcf7-form-control-wrap\" data-name=\"acceptance-697\"><span class=\"wpcf7-form-control wpcf7-acceptance\"><span class=\"wpcf7-list-item\"><label><input type=\"checkbox\" name=\"acceptance-697\" value=\"1\" aria-invalid=\"false\" \/><span class=\"wpcf7-list-item-label\">Wyra\u017cam zgod\u0119 na przetwarzanie moich danych osobowych podanych w formularzu w celach handlowych z wykorzystaniem telekomunikacyjnych urz\u0105dze\u0144 ko\u0144cowych (telefon, tablet, komputer) przez DIGITEC Grzegorz Kowalik. Zosta\u0142em poinformowana\/y o dobrowolnym charakterze udzielenia zgody i mo\u017cliwo\u015bci cofni\u0119cia zgody w ka\u017cdym czasie.<\/span><\/label><\/span><\/span><\/span>\n<\/div>\n<div class=\"form_styling\">\n<span class=\"wpcf7-list-item-label\">Administratorem Pani\/Pana danych osobowych jest DIGITEC Grzegorz Kowalik. Dane osobowe b\u0119d\u0105 przetwarzane w celach wynikaj\u0105cych z prawnie uzasadnionych interes\u00f3w realizowanych przez DIGITEC Grzegorz Kowalik w zakresie udzielenia odpowiedzi na wiadomo\u015b\u0107 oraz zapewnienia z Panem\/Pani\u0105 kontaktu, a je\u017celi wyrazi Pan\/Pani tak\u017ce na to zgod\u0119 to w celach handlowych. Pani\/Pana dane osobowe b\u0119d\u0105 przetwarzane nie d\u0142u\u017cej ni\u017c jest to konieczne do udzielenia odpowiedzi, a po tym czasie mog\u0105 by\u0107 przetwarzane przez okres przedawnienia ewentualnych roszcze\u0144, a w zakresie udzielonej zgody do czasu jej cofni\u0119cia. Ma Pani\/Pan prawo do dost\u0119pu do swoich danych osobowych, ich sprostowania, usuni\u0119cia, ograniczenia przetwarzania, wniesienia sprzeciwu wobec przetwarzania danych, prawo do cofni\u0119cia zgody w dowolnym momencie bez wp\u0142ywu na zgodno\u015b\u0107 z prawem przetwarzania, kt\u00f3rego dokonano na podstawie zgody przed jej cofni\u0119ciem, przenoszenia danych oraz wniesienia skargi do organu nadzorczego w zakresie ochrony danych osobowych. Podanie danych jest dobrowolne, ale niezb\u0119dne do obs\u0142ugi zapytania. W sprawach zwi\u0105zanych z przetwarzaniem danych osobowych mo\u017cna si\u0119 skontaktowa\u0107 pod adresem: <a style=\"color:white;\" href=\"mailto:daneosobowej@digitec.pl\">daneosobowej@digitec.pl<\/a>. Szczeg\u00f3\u0142owe informacje dotycz\u0105ce sposobu przetwarzania przez nas danych osobowych znajduj\u0105 si\u0119 w  <a style=\"color:white;text-decoration:underline;\"href=\"https:\/\/digitec.pl\/polityka-prywatnosci\/\">Polityce Prywatno\u015bci<\/a>.<\/span><\/div>\n<div class=\"form_styling\">\n<input class=\"wpcf7-form-control wpcf7-submit has-spinner\" type=\"submit\" value=\"Wy\u015blij &raquo;\" \/>\n<\/div><div class=\"wpcf7-response-output\" aria-hidden=\"true\"><\/div>\n<\/form>\n<\/div>\n<\/p>","protected":false},"excerpt":{"rendered":"","protected":false},"author":3,"featured_media":0,"parent":0,"menu_order":16,"comment_status":"closed","ping_status":"closed","template":"page-contact.php","meta":{"footnotes":""},"_links":{"self":[{"href":"https:\/\/digitec.pl\/en\/wp-json\/wp\/v2\/pages\/16"}],"collection":[{"href":"https:\/\/digitec.pl\/en\/wp-json\/wp\/v2\/pages"}],"about":[{"href":"https:\/\/digitec.pl\/en\/wp-json\/wp\/v2\/types\/page"}],"author":[{"embeddable":true,"href":"https:\/\/digitec.pl\/en\/wp-json\/wp\/v2\/users\/3"}],"replies":[{"embeddable":true,"href":"https:\/\/digitec.pl\/en\/wp-json\/wp\/v2\/comments?post=16"}],"version-history":[{"count":3,"href":"https:\/\/digitec.pl\/en\/wp-json\/wp\/v2\/pages\/16\/revisions"}],"predecessor-version":[{"id":246,"href":"https:\/\/digitec.pl\/en\/wp-json\/wp\/v2\/pages\/16\/revisions\/246"}],"wp:attachment":[{"href":"https:\/\/digitec.pl\/en\/wp-json\/wp\/v2\/media?parent=16"}],"curies":[{"name":"wp","href":"https:\/\/api.w.org\/{rel}","templated":true}]}}